{"id":32,"date":"2024-02-19T11:53:19","date_gmt":"2024-02-19T10:53:19","guid":{"rendered":"https:\/\/impulsion-runspace.fr\/?page_id=32"},"modified":"2024-02-22T12:08:22","modified_gmt":"2024-02-22T11:08:22","slug":"accueil","status":"publish","type":"page","link":"https:\/\/impulsion-runspace.fr\/","title":{"rendered":"home"},"content":{"rendered":"\n<p>Impulsion r\u00e9habilite et g\u00e8re depuis 3 ans des espaces urbains vacants transform\u00e9s en lieux multiculturels ouverts aux professionnels de la cr\u00e9ation et de l\u2019innovation verte.<\/p>\n","protected":false},"excerpt":{"rendered":"<p>Impulsion r\u00e9habilite et g\u00e8re depuis 3 ans des espaces urbains vacants transform\u00e9s en lieux multiculturels ouverts aux professionnels de la cr\u00e9ation et de l\u2019innovation verte.<\/p>\n","protected":false},"author":1,"featured_media":0,"parent":0,"menu_order":0,"comment_status":"closed","ping_status":"closed","template":"","meta":{"footnotes":""},"class_list":["post-32","page","type-page","status-publish","hentry"],"_links":{"self":[{"href":"https:\/\/impulsion-runspace.fr\/index.php\/wp-json\/wp\/v2\/pages\/32","targetHints":{"allow":["GET"]}}],"collection":[{"href":"https:\/\/impulsion-runspace.fr\/index.php\/wp-json\/wp\/v2\/pages"}],"about":[{"href":"https:\/\/impulsion-runspace.fr\/index.php\/wp-json\/wp\/v2\/types\/page"}],"author":[{"embeddable":true,"href":"https:\/\/impulsion-runspace.fr\/index.php\/wp-json\/wp\/v2\/users\/1"}],"replies":[{"embeddable":true,"href":"https:\/\/impulsion-runspace.fr\/index.php\/wp-json\/wp\/v2\/comments?post=32"}],"version-history":[{"count":6,"href":"https:\/\/impulsion-runspace.fr\/index.php\/wp-json\/wp\/v2\/pages\/32\/revisions"}],"predecessor-version":[{"id":86,"href":"https:\/\/impulsion-runspace.fr\/index.php\/wp-json\/wp\/v2\/pages\/32\/revisions\/86"}],"wp:attachment":[{"href":"https:\/\/impulsion-runspace.fr\/index.php\/wp-json\/wp\/v2\/media?parent=32"}],"curies":[{"name":"wp","href":"https:\/\/api.w.org\/{rel}","templated":true}]}}