{"id":33,"date":"2024-02-19T11:53:19","date_gmt":"2024-02-19T10:53:19","guid":{"rendered":"https:\/\/impulsion-runspace.fr\/?page_id=33"},"modified":"2024-02-22T15:28:20","modified_gmt":"2024-02-22T14:28:20","slug":"a-propos-de","status":"publish","type":"page","link":"https:\/\/impulsion-runspace.fr\/index.php\/a-propos-de\/","title":{"rendered":"R\u00e9sident\u2022e\u2022s"},"content":{"rendered":"\n<div class=\"wp-block-columns is-layout-flex wp-container-core-columns-is-layout-9d6595d7 wp-block-columns-is-layout-flex\">\n<div class=\"wp-block-column is-layout-flow wp-block-column-is-layout-flow\">\n<p><a href=\"https:\/\/www.instagram.com\/alphee_grand\/\" data-type=\"link\" data-id=\"https:\/\/www.instagram.com\/alphee_grand\/\" target=\"_blank\" rel=\"noreferrer noopener\">Alph\u00e9e Grand<\/a><br><a href=\"https:\/\/www.amaury-arts.com\/\" data-type=\"link\" data-id=\"https:\/\/www.amaury-arts.com\/\" target=\"_blank\" rel=\"noreferrer noopener\">Amaury D&rsquo;Andign\u00e9<\/a><br><a href=\"https:\/\/www.instagram.com\/animal.skull\/\" data-type=\"link\" data-id=\"https:\/\/www.instagram.com\/animal.skull\/\" target=\"_blank\" rel=\"noreferrer noopener\">Animal Skull<\/a><br><a href=\"https:\/\/www.instagram.com\/arthurhoffmann_ig\/\" data-type=\"link\" data-id=\"https:\/\/www.instagram.com\/arthurhoffmann_ig\/\" target=\"_blank\" rel=\"noreferrer noopener\">Arthur Hoffmann<\/a><\/p>\n\n\n\n<p><a href=\"https:\/\/www.instagram.com\/benoit.prin\/\" data-type=\"link\" data-id=\"https:\/\/www.instagram.com\/benoit.prin\/\">Beno\u00eet Prin<\/a><br><a href=\"https:\/\/www.instagram.com\/belkacemgouasmi\/\" data-type=\"link\" data-id=\"https:\/\/www.instagram.com\/belkacemgouasmi\/\" target=\"_blank\" rel=\"noreferrer noopener\">Belkacem Gouasmi<\/a><br><a href=\"https:\/\/www.biscornu.org\/\" data-type=\"link\" data-id=\"https:\/\/www.biscornu.org\/\" target=\"_blank\" rel=\"noreferrer noopener\">Biscornu<\/a><\/p>\n\n\n\n<p><a href=\"https:\/\/www.inspiredbymatter.com\/\" data-type=\"link\" data-id=\"https:\/\/www.inspiredbymatter.com\/\" target=\"_blank\" rel=\"noreferrer noopener\">Carla_M<\/a><br><a href=\"https:\/\/www.instagram.com\/carolinroider\/\" data-type=\"link\" data-id=\"https:\/\/www.instagram.com\/carolinroider\/\" target=\"_blank\" rel=\"noreferrer noopener\">Carolin Roider<\/a><br><a href=\"https:\/\/www.etto-association.com\/caroline\" data-type=\"link\" data-id=\"https:\/\/www.etto-association.com\/caroline\" target=\"_blank\" rel=\"noreferrer noopener\">Caroline Dias Oliveira<\/a><br><a href=\"https:\/\/www.instagram.com\/clediafourniau\/\" data-type=\"link\" data-id=\"https:\/\/www.instagram.com\/clediafourniau\/\" target=\"_blank\" rel=\"noreferrer noopener\">Cl\u00e9dia Fourniau<\/a><\/p>\n\n\n\n<p><a href=\"https:\/\/daphnelucas.fr\/\" data-type=\"link\" data-id=\"https:\/\/daphnelucas.fr\/\" target=\"_blank\" rel=\"noreferrer noopener\">Daphn\u00e9 Lucas<\/a><br><a href=\"https:\/\/www.instagram.com\/delso_art\/\" data-type=\"link\" data-id=\"https:\/\/www.instagram.com\/delso_art\/\" target=\"_blank\" rel=\"noreferrer noopener\">Delso<\/a><\/p>\n\n\n\n<p><a href=\"https:\/\/www.instagram.com\/gillesmasson_creation\/\" data-type=\"link\" data-id=\"https:\/\/www.instagram.com\/gillesmasson_creation\/\" target=\"_blank\" rel=\"noreferrer noopener\">Gilles Masson<\/a><br><a href=\"https:\/\/www.gueuledeboisdesign.com\/\" data-type=\"link\" data-id=\"https:\/\/www.gueuledeboisdesign.com\/\" target=\"_blank\" rel=\"noreferrer noopener\">Gueule de Bois<\/a><\/p>\n\n\n\n<p><a href=\"https:\/\/www.instagram.com\/homingbirds_\/\" data-type=\"link\" data-id=\"https:\/\/www.instagram.com\/homingbirds_\/\" target=\"_blank\" rel=\"noreferrer noopener\">Homing Birds<\/a><br><a href=\"https:\/\/www.humanwithattitude.com\/\" data-type=\"link\" data-id=\"https:\/\/www.humanwithattitude.com\/\" target=\"_blank\" rel=\"noreferrer noopener\">Human With Attitude<\/a><\/p>\n\n\n\n<p><a href=\"https:\/\/www.ioichoi.com\/\" data-type=\"link\" data-id=\"https:\/\/www.ioichoi.com\/\" target=\"_blank\" rel=\"noreferrer noopener\">Ioi Choi<\/a><\/p>\n\n\n\n<p><a href=\"https:\/\/www.instagram.com\/blancplusnoir\/\" data-type=\"link\" data-id=\"https:\/\/www.instagram.com\/blancplusnoir\/\" target=\"_blank\" rel=\"noreferrer noopener\">Jean-Louis Pouilles<\/a><br><a href=\"https:\/\/www.instagram.com\/jeremee_elee_elinck\/\" data-type=\"link\" data-id=\"https:\/\/www.instagram.com\/jeremee_elee_elinck\/\" target=\"_blank\" rel=\"noreferrer noopener\">Jeremee Elee Elinck<\/a><br><a href=\"https:\/\/www.instagram.com\/justineponthieux\/\" data-type=\"link\" data-id=\"https:\/\/www.instagram.com\/justineponthieux\/\" target=\"_blank\" rel=\"noreferrer noopener\">Justine Ponthieux<\/a><br><\/p>\n<\/div>\n\n\n\n<div class=\"wp-block-column is-layout-flow wp-block-column-is-layout-flow\">\n<p><a href=\"https:\/\/lafacto.fr\/\" data-type=\"link\" data-id=\"https:\/\/lafacto.fr\/\" target=\"_blank\" rel=\"noreferrer noopener\">La Facto<\/a><br><a href=\"https:\/\/www.instagram.com\/laparishyene\/\" data-type=\"link\" data-id=\"https:\/\/www.instagram.com\/laparishyene\/\" target=\"_blank\" rel=\"noreferrer noopener\">La Paris&rsquo;hyene<\/a><br><a href=\"https:\/\/louisastore.com\/\" data-type=\"link\" data-id=\"https:\/\/louisastore.com\/\" target=\"_blank\" rel=\"noreferrer noopener\">Louisa<\/a><\/p>\n\n\n\n<p><a href=\"https:\/\/www.marinamankarios.com\/\" data-type=\"link\" data-id=\"https:\/\/www.marinamankarios.com\/\" target=\"_blank\" rel=\"noreferrer noopener\">Marina Mankarios<\/a><br><a href=\"https:\/\/www.materra-matang.com\/\" data-type=\"link\" data-id=\"https:\/\/www.materra-matang.com\/\" target=\"_blank\" rel=\"noreferrer noopener\">Materra-Matang<\/a><br><a href=\"https:\/\/www.instagram.com\/mathias_matis\/\" data-type=\"link\" data-id=\"https:\/\/www.instagram.com\/mathias_matis\/\" target=\"_blank\" rel=\"noreferrer noopener\">Mathias Matis<\/a><br><a href=\"https:\/\/www.instagram.com\/mesh_oner\/\" data-type=\"link\" data-id=\"https:\/\/www.instagram.com\/mesh_oner\/\" target=\"_blank\" rel=\"noreferrer noopener\">Mesh<\/a><br><a href=\"https:\/\/www.instagram.com\/tiers_mondain\/\" data-type=\"link\" data-id=\"https:\/\/www.instagram.com\/tiers_mondain\/\" target=\"_blank\" rel=\"noreferrer noopener\">Mohamed Abdelmoumene<\/a><br><\/p>\n\n\n\n<p><a href=\"https:\/\/kotavanastassia.com\/\" data-type=\"link\" data-id=\"https:\/\/kotavanastassia.com\/\" target=\"_blank\" rel=\"noreferrer noopener\">Nastassia Kotava<\/a><br><a href=\"https:\/\/www.instagram.com\/mathesis8\/\" data-type=\"link\" data-id=\"https:\/\/www.instagram.com\/mathesis8\/\" target=\"_blank\" rel=\"noreferrer noopener\">Nkonko Nzayi<\/a><br><a href=\"http:\/\/www.lahallepapin.com\/index.php\/residents\/nicolas-martenot\/\" data-type=\"link\" data-id=\"http:\/\/www.lahallepapin.com\/index.php\/residents\/nicolas-martenot\/\" target=\"_blank\" rel=\"noreferrer noopener\">Nicolas Martenot<\/a><br><a href=\"https:\/\/www.nomade-atelier.com\/\" data-type=\"link\" data-id=\"https:\/\/www.nomade-atelier.com\/\" target=\"_blank\" rel=\"noreferrer noopener\">Nomade Atelier<\/a><\/p>\n\n\n\n<p><a href=\"https:\/\/www.instagram.com\/paulinerosedumas\/\" data-type=\"link\" data-id=\"https:\/\/www.instagram.com\/paulinerosedumas\/\" target=\"_blank\" rel=\"noreferrer noopener\">Pauline-Rose Dumas<\/a><\/p>\n\n\n\n<p><a href=\"https:\/\/ateliersamji.com\/\" data-type=\"link\" data-id=\"https:\/\/ateliersamji.com\/\" target=\"_blank\" rel=\"noreferrer noopener\">SAMJI<\/a><br><a href=\"https:\/\/www.streetdesigners.fr\/\" data-type=\"link\" data-id=\"https:\/\/www.streetdesigners.fr\/\" target=\"_blank\" rel=\"noreferrer noopener\">Street Designers<\/a><br><a href=\"https:\/\/system-f.fr\/\" data-type=\"link\" data-id=\"https:\/\/system-f.fr\/\" target=\"_blank\" rel=\"noreferrer noopener\">System_F<\/a><\/p>\n\n\n\n<p><a href=\"https:\/\/www.instagram.com\/takis.studio\/\" data-type=\"link\" data-id=\"https:\/\/www.instagram.com\/takis.studio\/\" target=\"_blank\" rel=\"noreferrer noopener\">Takis Studio<\/a><br><a href=\"https:\/\/www.instagram.com\/tomadurieux\/\" data-type=\"link\" data-id=\"https:\/\/www.instagram.com\/tomadurieux\/\" target=\"_blank\" rel=\"noreferrer noopener\">Thomas Durieux<\/a><\/p>\n\n\n\n<p><a href=\"https:\/\/wildescape.fr\/\" data-type=\"link\" data-id=\"https:\/\/wildescape.fr\/\" target=\"_blank\" rel=\"noreferrer noopener\">Wild Escape<\/a><\/p>\n<\/div>\n<\/div>\n","protected":false},"excerpt":{"rendered":"<p>Alph\u00e9e GrandAmaury D&rsquo;Andign\u00e9Animal SkullArthur Hoffmann Beno\u00eet PrinBelkacem GouasmiBiscornu Carla_MCarolin RoiderCaroline Dias OliveiraCl\u00e9dia Fourniau Daphn\u00e9 LucasDelso Gilles MassonGueule de Bois Homing BirdsHuman With Attitude Ioi Choi Jean-Louis PouillesJeremee Elee ElinckJustine Ponthieux La FactoLa Paris&rsquo;hyeneLouisa Marina MankariosMaterra-MatangMathias MatisMeshMohamed Abdelmoumene Nastassia KotavaNkonko NzayiNicolas MartenotNomade Atelier Pauline-Rose Dumas SAMJIStreet DesignersSystem_F Takis StudioThomas Durieux Wild Escape<\/p>\n","protected":false},"author":1,"featured_media":103,"parent":0,"menu_order":0,"comment_status":"closed","ping_status":"closed","template":"","meta":{"footnotes":""},"class_list":["post-33","page","type-page","status-publish","has-post-thumbnail","hentry"],"_links":{"self":[{"href":"https:\/\/impulsion-runspace.fr\/index.php\/wp-json\/wp\/v2\/pages\/33","targetHints":{"allow":["GET"]}}],"collection":[{"href":"https:\/\/impulsion-runspace.fr\/index.php\/wp-json\/wp\/v2\/pages"}],"about":[{"href":"https:\/\/impulsion-runspace.fr\/index.php\/wp-json\/wp\/v2\/types\/page"}],"author":[{"embeddable":true,"href":"https:\/\/impulsion-runspace.fr\/index.php\/wp-json\/wp\/v2\/users\/1"}],"replies":[{"embeddable":true,"href":"https:\/\/impulsion-runspace.fr\/index.php\/wp-json\/wp\/v2\/comments?post=33"}],"version-history":[{"count":9,"href":"https:\/\/impulsion-runspace.fr\/index.php\/wp-json\/wp\/v2\/pages\/33\/revisions"}],"predecessor-version":[{"id":92,"href":"https:\/\/impulsion-runspace.fr\/index.php\/wp-json\/wp\/v2\/pages\/33\/revisions\/92"}],"wp:featuredmedia":[{"embeddable":true,"href":"https:\/\/impulsion-runspace.fr\/index.php\/wp-json\/wp\/v2\/media\/103"}],"wp:attachment":[{"href":"https:\/\/impulsion-runspace.fr\/index.php\/wp-json\/wp\/v2\/media?parent=33"}],"curies":[{"name":"wp","href":"https:\/\/api.w.org\/{rel}","templated":true}]}}