{"id":36,"date":"2024-02-19T11:53:19","date_gmt":"2024-02-19T10:53:19","guid":{"rendered":"https:\/\/impulsion-runspace.fr\/?page_id=36"},"modified":"2024-02-22T16:21:33","modified_gmt":"2024-02-22T15:21:33","slug":"une-section-de-page-daccueil","status":"publish","type":"page","link":"https:\/\/impulsion-runspace.fr\/index.php\/une-section-de-page-daccueil\/","title":{"rendered":"\u00c0 propos de"},"content":{"rendered":"\n<p class=\"has-text-align-left\">Issue de l\u2019\u00e9conomie sociale et solidaire, l\u2019association s\u2019attache \u00e0 soutenir et promouvoir l\u2019art et la culture au c\u0153ur de la r\u00e9gion \u00cele-de-France \u00e0 travers la construction d\u2019un v\u00e9ritable \u00e9cosyst\u00e8me d\u2019artistes pluridisciplinaires.<\/p>\n\n\n\n<p class=\"has-text-align-left\">Un ensemble immobilier de 2585 m2 nous a \u00e9t\u00e9 mis \u00e0 disposition \u00e0 Colombes par <a href=\"https:\/\/www.novaxia.fr\/mission\/immobilier-solidaire\/\" data-type=\"link\" data-id=\"https:\/\/www.novaxia.fr\/mission\/immobilier-solidaire\/\" target=\"_blank\" rel=\"noreferrer noopener\">Novaxia Investissement<\/a>. Ces locaux hybrides offrent depuis 2021 des espaces de travail, des lieux de convivialit\u00e9, des salles d\u2019exposition et des espaces de production, favorisant ainsi la collaboration et la diversit\u00e9 des pratiques artistiques.<\/p>\n","protected":false},"excerpt":{"rendered":"<p>Issue de l\u2019\u00e9conomie sociale et solidaire, l\u2019association s\u2019attache \u00e0 soutenir et promouvoir l\u2019art et la culture au c\u0153ur de la r\u00e9gion \u00cele-de-France \u00e0 travers la construction d\u2019un v\u00e9ritable \u00e9cosyst\u00e8me d\u2019artistes pluridisciplinaires. Un ensemble immobilier de 2585 m2 nous a \u00e9t\u00e9 mis \u00e0 disposition \u00e0 Colombes par Novaxia Investissement. Ces locaux hybrides offrent depuis 2021 des &hellip; <\/p>\n<p class=\"link-more\"><a href=\"https:\/\/impulsion-runspace.fr\/index.php\/une-section-de-page-daccueil\/\" class=\"more-link\">Continuer la lecture<span class=\"screen-reader-text\"> de &laquo;&nbsp;\u00c0 propos de&nbsp;&raquo;<\/span><\/a><\/p>\n","protected":false},"author":1,"featured_media":112,"parent":0,"menu_order":0,"comment_status":"closed","ping_status":"closed","template":"","meta":{"footnotes":""},"class_list":["post-36","page","type-page","status-publish","has-post-thumbnail","hentry"],"_links":{"self":[{"href":"https:\/\/impulsion-runspace.fr\/index.php\/wp-json\/wp\/v2\/pages\/36","targetHints":{"allow":["GET"]}}],"collection":[{"href":"https:\/\/impulsion-runspace.fr\/index.php\/wp-json\/wp\/v2\/pages"}],"about":[{"href":"https:\/\/impulsion-runspace.fr\/index.php\/wp-json\/wp\/v2\/types\/page"}],"author":[{"embeddable":true,"href":"https:\/\/impulsion-runspace.fr\/index.php\/wp-json\/wp\/v2\/users\/1"}],"replies":[{"embeddable":true,"href":"https:\/\/impulsion-runspace.fr\/index.php\/wp-json\/wp\/v2\/comments?post=36"}],"version-history":[{"count":4,"href":"https:\/\/impulsion-runspace.fr\/index.php\/wp-json\/wp\/v2\/pages\/36\/revisions"}],"predecessor-version":[{"id":95,"href":"https:\/\/impulsion-runspace.fr\/index.php\/wp-json\/wp\/v2\/pages\/36\/revisions\/95"}],"wp:featuredmedia":[{"embeddable":true,"href":"https:\/\/impulsion-runspace.fr\/index.php\/wp-json\/wp\/v2\/media\/112"}],"wp:attachment":[{"href":"https:\/\/impulsion-runspace.fr\/index.php\/wp-json\/wp\/v2\/media?parent=36"}],"curies":[{"name":"wp","href":"https:\/\/api.w.org\/{rel}","templated":true}]}}